{"id":1662,"date":"2019-02-01T11:32:43","date_gmt":"2019-02-01T10:32:43","guid":{"rendered":"https:\/\/www.trocker.eu\/untersetzer\/"},"modified":"2022-06-15T09:55:38","modified_gmt":"2022-06-15T07:55:38","slug":"untersetzer","status":"publish","type":"page","link":"https:\/\/www.trocker.eu\/it\/untersetzer\/","title":{"rendered":"Sottobicchiere"},"content":{"rendered":"<h1>Sottobicchiere<\/h1>\n<p><span class=\"VIiyi\" lang=\"it\"><span class=\"JLqJ4b ChMk0b\" data-language-for-alternatives=\"it\" data-language-to-translate-into=\"de\" data-phrase-index=\"0\">Elegante protezione per il tavolo &#8211; massima qualit\u00e0 &#8211; il design incontra la funzionalit\u00e0<\/span> <span class=\"JLqJ4b ChMk0b\" data-language-for-alternatives=\"it\" data-language-to-translate-into=\"de\" data-phrase-index=\"2\">.<\/span><\/span><\/p>\n<p><span class=\"VIiyi\" lang=\"it\"><span class=\"JLqJ4b ChMk0b\" data-language-for-alternatives=\"it\" data-language-to-translate-into=\"de\" data-phrase-index=\"2\">Siamo sinonimo di qualit\u00e0 premium assoluta: i massimi standard di qualit\u00e0 e l&#8217;uso di pelle sintetica di alta qualit\u00e0 portano a una longevit\u00e0 unica dei nostri sottobicchieri in pelle.<\/span> <span class=\"JLqJ4b ChMk0b\" data-language-for-alternatives=\"it\" data-language-to-translate-into=\"de\" data-phrase-index=\"3\">Questi possono essere ordinati in un&#8217;ampia variet\u00e0 di colori e rifiniti con incisione laser o ricamo.<\/span><\/span><\/p>\n\n\t\t\t<style type='text\/css'>\n\t\t\t\t#sc_gallery-1 {\n\t\t\t\t\tmargin: auto;\n\t\t\t\t}\n\t\t\t\t#sc_gallery-1 .gallery-item {\n\t\t\t\t\tfloat: left;\n\t\t\t\t\ttext-align: center;\n\t\t\t\t\twidth: 24.99%;\n\t\t\t\t}\n\t\t\t\t#sc_gallery-1 img {\n\t\t\t\t\tborder: 2px solid #cfcfcf;\n\t\t\t\t}\n\t\t\t\t\/* see sc_gallery() in functions\/theme-shortcodes.php *\/\n\t\t\t<\/style>\n\t\t<div id='sc_gallery-1' class='gallery galleryid-1662 gallery-columns-4 gallery-size-thumbnail file gallery-default'><dl class='gallery-item'  data-title='IMG_4997' data-description=''><div class='gallery-item-wrapper'>\n\t\t\t\t<dt class='gallery-icon landscape'>\n\t\t\t\t\t<a href='https:\/\/www.trocker.eu\/wp-content\/uploads\/IMG_4997.jpg'><img loading=\"lazy\" decoding=\"async\" width=\"350\" height=\"350\" src=\"https:\/\/www.trocker.eu\/wp-content\/uploads\/IMG_4997-350x350.jpg\" class=\"attachment-thumbnail size-thumbnail\" alt=\"\" srcset=\"https:\/\/www.trocker.eu\/wp-content\/uploads\/IMG_4997-350x350.jpg 350w, https:\/\/www.trocker.eu\/wp-content\/uploads\/IMG_4997-85x85.jpg 85w, https:\/\/www.trocker.eu\/wp-content\/uploads\/IMG_4997-80x80.jpg 80w\" sizes=\"(max-width:767px) 350px, 350px\" \/><\/a>\n\t\t\t\t<\/dt><\/div><\/dl><dl class='gallery-item'  data-title='IMG_5000' data-description=''><div class='gallery-item-wrapper'>\n\t\t\t\t<dt class='gallery-icon landscape'>\n\t\t\t\t\t<a href='https:\/\/www.trocker.eu\/wp-content\/uploads\/IMG_5000.jpg'><img loading=\"lazy\" decoding=\"async\" width=\"350\" height=\"350\" src=\"https:\/\/www.trocker.eu\/wp-content\/uploads\/IMG_5000-350x350.jpg\" class=\"attachment-thumbnail size-thumbnail\" alt=\"\" srcset=\"https:\/\/www.trocker.eu\/wp-content\/uploads\/IMG_5000-350x350.jpg 350w, https:\/\/www.trocker.eu\/wp-content\/uploads\/IMG_5000-85x85.jpg 85w, https:\/\/www.trocker.eu\/wp-content\/uploads\/IMG_5000-80x80.jpg 80w\" sizes=\"(max-width:767px) 350px, 350px\" \/><\/a>\n\t\t\t\t<\/dt><\/div><\/dl><dl class='gallery-item'  data-title='IMG_5002' data-description=''><div class='gallery-item-wrapper'>\n\t\t\t\t<dt class='gallery-icon landscape'>\n\t\t\t\t\t<a href='https:\/\/www.trocker.eu\/wp-content\/uploads\/IMG_5002.jpg'><img loading=\"lazy\" decoding=\"async\" width=\"350\" height=\"350\" src=\"https:\/\/www.trocker.eu\/wp-content\/uploads\/IMG_5002-350x350.jpg\" class=\"attachment-thumbnail size-thumbnail\" alt=\"\" srcset=\"https:\/\/www.trocker.eu\/wp-content\/uploads\/IMG_5002-350x350.jpg 350w, https:\/\/www.trocker.eu\/wp-content\/uploads\/IMG_5002-85x85.jpg 85w, https:\/\/www.trocker.eu\/wp-content\/uploads\/IMG_5002-80x80.jpg 80w\" sizes=\"(max-width:767px) 350px, 350px\" \/><\/a>\n\t\t\t\t<\/dt><\/div><\/dl><dl class='gallery-item'  data-title='IMG_5004' data-description=''><div class='gallery-item-wrapper'>\n\t\t\t\t<dt class='gallery-icon landscape'>\n\t\t\t\t\t<a href='https:\/\/www.trocker.eu\/wp-content\/uploads\/IMG_5004.jpg'><img loading=\"lazy\" decoding=\"async\" width=\"350\" height=\"350\" src=\"https:\/\/www.trocker.eu\/wp-content\/uploads\/IMG_5004-350x350.jpg\" class=\"attachment-thumbnail size-thumbnail\" alt=\"\" srcset=\"https:\/\/www.trocker.eu\/wp-content\/uploads\/IMG_5004-350x350.jpg 350w, https:\/\/www.trocker.eu\/wp-content\/uploads\/IMG_5004-85x85.jpg 85w, https:\/\/www.trocker.eu\/wp-content\/uploads\/IMG_5004-80x80.jpg 80w\" sizes=\"(max-width:767px) 350px, 350px\" \/><\/a>\n\t\t\t\t<\/dt><\/div><\/dl><br style=\"clear: both\" \/><dl class='gallery-item'  data-title='IMG_5008' data-description=''><div class='gallery-item-wrapper'>\n\t\t\t\t<dt class='gallery-icon landscape'>\n\t\t\t\t\t<a href='https:\/\/www.trocker.eu\/wp-content\/uploads\/IMG_5008.jpg'><img loading=\"lazy\" decoding=\"async\" width=\"350\" height=\"350\" src=\"https:\/\/www.trocker.eu\/wp-content\/uploads\/IMG_5008-350x350.jpg\" class=\"attachment-thumbnail size-thumbnail\" alt=\"\" srcset=\"https:\/\/www.trocker.eu\/wp-content\/uploads\/IMG_5008-350x350.jpg 350w, https:\/\/www.trocker.eu\/wp-content\/uploads\/IMG_5008-85x85.jpg 85w, https:\/\/www.trocker.eu\/wp-content\/uploads\/IMG_5008-80x80.jpg 80w\" sizes=\"(max-width:767px) 350px, 350px\" \/><\/a>\n\t\t\t\t<\/dt><\/div><\/dl><dl class='gallery-item'  data-title='IMG_5014' data-description=''><div class='gallery-item-wrapper'>\n\t\t\t\t<dt class='gallery-icon landscape'>\n\t\t\t\t\t<a href='https:\/\/www.trocker.eu\/wp-content\/uploads\/IMG_5014.jpg'><img loading=\"lazy\" decoding=\"async\" width=\"350\" height=\"350\" src=\"https:\/\/www.trocker.eu\/wp-content\/uploads\/IMG_5014-350x350.jpg\" class=\"attachment-thumbnail size-thumbnail\" alt=\"\" srcset=\"https:\/\/www.trocker.eu\/wp-content\/uploads\/IMG_5014-350x350.jpg 350w, https:\/\/www.trocker.eu\/wp-content\/uploads\/IMG_5014-85x85.jpg 85w, https:\/\/www.trocker.eu\/wp-content\/uploads\/IMG_5014-80x80.jpg 80w\" sizes=\"(max-width:767px) 350px, 350px\" \/><\/a>\n\t\t\t\t<\/dt><\/div><\/dl>\n\t\t\t\t<br style='clear: both' \/>\n\t\t\t<\/div>\n\n","protected":false},"excerpt":{"rendered":"<p>Sottobicchiere Elegante protezione per il tavolo &#8211; massima qualit\u00e0 &#8211; il design incontra la funzionalit\u00e0 . Siamo sinonimo di qualit\u00e0 premium assoluta: i massimi standard di<span class=\"excerpt-hellip\"> [\u2026]<\/span><\/p>\n","protected":false},"author":1,"featured_media":0,"parent":0,"menu_order":0,"comment_status":"closed","ping_status":"open","template":"","meta":{"_monsterinsights_skip_tracking":false,"_monsterinsights_sitenote_active":false,"_monsterinsights_sitenote_note":"","_monsterinsights_sitenote_category":0,"footnotes":""},"categories":[],"tags":[],"class_list":["post-1662","page","type-page","status-publish","hentry"],"_links":{"self":[{"href":"https:\/\/www.trocker.eu\/it\/wp-json\/wp\/v2\/pages\/1662"}],"collection":[{"href":"https:\/\/www.trocker.eu\/it\/wp-json\/wp\/v2\/pages"}],"about":[{"href":"https:\/\/www.trocker.eu\/it\/wp-json\/wp\/v2\/types\/page"}],"author":[{"embeddable":true,"href":"https:\/\/www.trocker.eu\/it\/wp-json\/wp\/v2\/users\/1"}],"replies":[{"embeddable":true,"href":"https:\/\/www.trocker.eu\/it\/wp-json\/wp\/v2\/comments?post=1662"}],"version-history":[{"count":2,"href":"https:\/\/www.trocker.eu\/it\/wp-json\/wp\/v2\/pages\/1662\/revisions"}],"predecessor-version":[{"id":3146,"href":"https:\/\/www.trocker.eu\/it\/wp-json\/wp\/v2\/pages\/1662\/revisions\/3146"}],"wp:attachment":[{"href":"https:\/\/www.trocker.eu\/it\/wp-json\/wp\/v2\/media?parent=1662"}],"wp:term":[{"taxonomy":"category","embeddable":true,"href":"https:\/\/www.trocker.eu\/it\/wp-json\/wp\/v2\/categories?post=1662"},{"taxonomy":"post_tag","embeddable":true,"href":"https:\/\/www.trocker.eu\/it\/wp-json\/wp\/v2\/tags?post=1662"}],"curies":[{"name":"wp","href":"https:\/\/api.w.org\/{rel}","templated":true}]}}